{"id":4172,"date":"2021-06-30T10:37:29","date_gmt":"2021-06-30T08:37:29","guid":{"rendered":"https:\/\/adshock.pl\/?page_id=4172"},"modified":"2023-01-09T14:53:24","modified_gmt":"2023-01-09T13:53:24","slug":"case-studies","status":"publish","type":"page","link":"https:\/\/adshock.pl\/uk\/case-studies\/","title":{"rendered":"Case Studies"},"content":{"rendered":"\n<h2 class=\"wp-block-heading\" id=\"h-case-studies\"><strong>Case Studies<\/strong><\/h2>\n\n<p>\u0411\u0430\u0433\u0430\u0442\u043e \u0430\u0433\u0435\u043d\u0442\u0441\u0442\u0432 \u0445\u0438\u0437\u0443\u044e\u0442\u044c\u0441\u044f \u0441\u0432\u043e\u0457\u043c \u0433\u0430\u043b\u0443\u0437\u0435\u0432\u0438\u043c \u0434\u043e\u0441\u0432\u0456\u0434\u043e\u043c \u0442\u0430 \u043f\u0440\u043e\u0444\u0435\u0441\u0456\u043e\u043d\u0430\u043b\u0456\u0437\u043c\u043e\u043c, \u0430 \u043f\u0440\u0435\u0437\u0435\u043d\u0442\u0430\u0446\u0456\u044f \u043f\u0440\u043e\u043f\u043e\u0437\u0438\u0446\u0456\u0457 \u0447\u0430\u0441\u0442\u043e \u0441\u0443\u043f\u0440\u043e\u0432\u043e\u0434\u0436\u0443\u0454\u0442\u044c\u0441\u044f \u0437\u0430\u0433\u0430\u043b\u044c\u043d\u0438\u043c\u0438 \u043e\u0431\u0456\u0446\u044f\u043d\u043a\u0430\u043c\u0438. \u042f\u043a\u0456 \u0440\u0435\u0437\u0443\u043b\u044c\u0442\u0430\u0442\u0438 \u043c\u043e\u0436\u0435 \u043f\u0440\u0438\u043d\u0435\u0441\u0442\u0438 \u0441\u043f\u0456\u0432\u043f\u0440\u0430\u0446\u044f \u0437 \u043d\u0430\u0448\u043e\u044e \u043a\u043e\u043c\u043f\u0430\u043d\u0456\u0454\u044e? \u041c\u0438 \u0432\u0438\u0440\u0456\u0448\u0438\u043b\u0438 \u043f\u0440\u0435\u0434\u0441\u0442\u0430\u0432\u0438\u0442\u0438 \u043a\u0435\u0439\u0441\u0438, \u0449\u043e\u0431 \u0432\u0438 \u043c\u043e\u0433\u043b\u0438 \u043f\u043e\u0437\u043d\u0430\u0439\u043e\u043c\u0438\u0442\u0438\u0441\u044f \u0437 \u043d\u0430\u0448\u0438\u043c\u0438 \u043c\u0435\u0442\u043e\u0434\u0430\u043c\u0438 \u0456 \u043f\u0435\u0440\u0435\u043a\u043e\u043d\u0430\u0442\u0438\u0441\u044f, \u043d\u0430\u0441\u043a\u0456\u043b\u044c\u043a\u0438 \u0435\u0444\u0435\u043a\u0442\u0438\u0432\u043d\u043e \u043c\u0438 \u043f\u0440\u0430\u0446\u044e\u0454\u043c\u043e!<\/p>\n\n<h2 class=\"wp-block-heading\" id=\"h-case-study-marketing-w-internecie\"><strong>Case Study &#8211; marketing w Internecie<\/strong><\/h2>\n\n<p>Case study to opis oraz prezentacja przeprowadzonego projektu. W przypadku pozycjonowania czy kampanii PPC jest to przede wszystkim analiza widoczno\u015bci\/konwersji klienta na przestrzeni danego okresu w odniesieniu do wprowadzonych przez nas zmian. Prezentowane na tej stronie przyk\u0142ady dowodz\u0105, \u017ce wielu rzeczy nie da si\u0119 przewidzie\u0107, jednak odpowiednie podej\u015bcie pozwala osi\u0105gn\u0105\u0107 po\u017c\u0105dane efekty.<\/p>\n\n<h2 class=\"wp-block-heading\" id=\"h-case-studies-seo\"><strong>Case studies &#8211; SEO<\/strong><\/h2>\n\n<p>W przypadku SEO nasze case studies dotycz\u0105 oczywi\u015bcie widoczno\u015bci w wyszukiwarce, ale r\u00f3wnie\u017c funkcjonalno\u015bci stron internetowych, nad kt\u00f3rymi pracowali\u015bmy. W wielu przypadkach dzia\u0142ania wymaga\u0142y bardzo dok\u0142adnej analizy witryny i oceny zmian wdra\u017canych w przesz\u0142o\u015bci (mia\u0142y one wp\u0142yw na nisk\u0105 pozycj\u0119 w wyszukiwarce). W case studies wskazujemy r\u00f3wnie\u017c, jakie b\u0142\u0119dy pope\u0142nili\u015bmy po drodze oraz dlaczego w niekt\u00f3rych przypadkach efekty by\u0142y trudne do osi\u0105gni\u0119cia.<\/p>\n\n<h2 class=\"wp-block-heading\" id=\"h-case-studies-kampanie-p-atne\"><strong>Case studies &#8211; kampanie p\u0142atne<\/strong><\/h2>\n\n<p>Kampanie p\u0142atne, czyli PPC, s\u0105 szczeg\u00f3lnie ciekawym zagadnieniem. Wymagaj\u0105 od specjalisty nie tylko odpowiedniego podej\u015bcia technicznego, ale przede wszystkim w\u0142a\u015bciwej strategii i analizy dzia\u0142a\u0144 klienta na przestrzeni ostatnich miesi\u0119cy czy lat. Specjalista od PPC nie r\u00f3\u017cni si\u0119 zbytnio od inwestora gie\u0142dowego, poniewa\u017c najwa\u017cniejszym zadaniem jest inwestowanie bud\u017cetu tam, gdzie inwestycja ma najlepszy potencja\u0142 zwrotu. W case studies poruszamy kwestie zwi\u0105zane z istotno\u015bci\u0105 analizy bran\u017cy klienta.<\/p>\n\n<h2 class=\"wp-block-heading\" id=\"h-realizacje-zako-czone-sukcesem\"><strong>Realizacje zako\u0144czone sukcesem<\/strong><\/h2>\n\n<p>Realizacje dotycz\u0105ce pozycjonowania czy kampanii p\u0142atnych s\u0105 doskona\u0142ym przyk\u0142adem , jak wa\u017cne jest indywidualne podej\u015bcie do ka\u017cdego klienta, jego bran\u017cy, funkcjonowania strony internetowej oraz technicznej strony wprowadzanych dzia\u0142a\u0144. Znajdziesz tutaj ciekawe case studies dotycz\u0105ce firm z r\u00f3\u017cnych bran\u017c. Omawiamy tak\u017ce przypadki, w kt\u00f3rych \u0142\u0105czyli\u015bmy SEO i kampanie p\u0142atne w taki spos\u00f3b, by jak najlepiej wykorzysta\u0107 bud\u017cet.<\/p>\n\n<h2 class=\"wp-block-heading\" id=\"h-case-study-marketing-dow-d-na-skuteczno\"><strong>Case Study marketing &#8211; dow\u00f3d na skuteczno\u015b\u0107<\/strong><\/h2>\n\n<p>Efekty naszej pracy sprawiaj\u0105, \u017ce niemal wszyscy klienci przed\u0142u\u017caj\u0105 z nami umowy. Sprawd\u017a ju\u017c teraz nasze case study i poznaj ciekawe historie z wielu bran\u017c. Skontaktuj si\u0119 z nami, je\u015bli chcia\u0142by\u015b poprawi\u0107 widoczno\u015b\u0107 swojej firmy!<\/p>\n","protected":false},"excerpt":{"rendered":"<p>Case Studies \u0411\u0430\u0433\u0430\u0442\u043e \u0430\u0433\u0435\u043d\u0442\u0441\u0442\u0432 \u0445\u0438\u0437\u0443\u044e\u0442\u044c\u0441\u044f \u0441\u0432\u043e\u0457\u043c \u0433\u0430\u043b\u0443\u0437\u0435\u0432\u0438\u043c \u0434\u043e\u0441\u0432\u0456\u0434\u043e\u043c \u0442\u0430 \u043f\u0440\u043e\u0444\u0435\u0441\u0456\u043e\u043d\u0430\u043b\u0456\u0437\u043c\u043e\u043c, \u0430 \u043f\u0440\u0435\u0437\u0435\u043d\u0442\u0430\u0446\u0456\u044f \u043f\u0440\u043e\u043f\u043e\u0437\u0438\u0446\u0456\u0457 \u0447\u0430\u0441\u0442\u043e \u0441\u0443\u043f\u0440\u043e\u0432\u043e\u0434\u0436\u0443\u0454\u0442\u044c\u0441\u044f \u0437\u0430\u0433\u0430\u043b\u044c\u043d\u0438\u043c\u0438 \u043e\u0431\u0456\u0446\u044f\u043d\u043a\u0430\u043c\u0438. \u042f\u043a\u0456 \u0440\u0435\u0437\u0443\u043b\u044c\u0442\u0430\u0442\u0438 \u043c\u043e\u0436\u0435 \u043f\u0440\u0438\u043d\u0435\u0441\u0442\u0438 \u0441\u043f\u0456\u0432\u043f\u0440\u0430\u0446\u044f \u0437 \u043d\u0430\u0448\u043e\u044e \u043a\u043e\u043c\u043f\u0430\u043d\u0456\u0454\u044e? \u041c\u0438 \u0432\u0438\u0440\u0456\u0448\u0438\u043b\u0438 \u043f\u0440\u0435\u0434\u0441\u0442\u0430\u0432\u0438\u0442\u0438 \u043a\u0435\u0439\u0441\u0438, \u0449\u043e\u0431 \u0432\u0438 \u043c\u043e\u0433\u043b\u0438 \u043f\u043e\u0437\u043d\u0430\u0439\u043e\u043c\u0438\u0442\u0438\u0441\u044f \u0437 \u043d\u0430\u0448\u0438\u043c\u0438 \u043c\u0435\u0442\u043e\u0434\u0430\u043c\u0438 \u0456 \u043f\u0435\u0440\u0435\u043a\u043e\u043d\u0430\u0442\u0438\u0441\u044f, \u043d\u0430\u0441\u043a\u0456\u043b\u044c\u043a\u0438 \u0435\u0444\u0435\u043a\u0442\u0438\u0432\u043d\u043e \u043c\u0438 \u043f\u0440\u0430\u0446\u044e\u0454\u043c\u043e! Case Study &#8211; marketing w Internecie Case study to opis oraz prezentacja przeprowadzonego [&hellip;]<\/p>\n","protected":false},"author":1,"featured_media":0,"parent":0,"menu_order":0,"comment_status":"closed","ping_status":"closed","template":"page-strona-oferta.php","meta":{"footnotes":""},"class_list":["post-4172","page","type-page","status-publish","hentry"],"aioseo_notices":[],"featured_image_urls":{"full":"","thumbnail":"","medium":"","medium_large":"","large":"","1536x1536":"","2048x2048":"","review":"","blog-image":""},"post_excerpt_stackable":"<p>Case Studies \u0411\u0430\u0433\u0430\u0442\u043e \u0430\u0433\u0435\u043d\u0442\u0441\u0442\u0432 \u0445\u0438\u0437\u0443\u044e\u0442\u044c\u0441\u044f \u0441\u0432\u043e\u0457\u043c \u0433\u0430\u043b\u0443\u0437\u0435\u0432\u0438\u043c \u0434\u043e\u0441\u0432\u0456\u0434\u043e\u043c \u0442\u0430 \u043f\u0440\u043e\u0444\u0435\u0441\u0456\u043e\u043d\u0430\u043b\u0456\u0437\u043c\u043e\u043c, \u0430 \u043f\u0440\u0435\u0437\u0435\u043d\u0442\u0430\u0446\u0456\u044f \u043f\u0440\u043e\u043f\u043e\u0437\u0438\u0446\u0456\u0457 \u0447\u0430\u0441\u0442\u043e \u0441\u0443\u043f\u0440\u043e\u0432\u043e\u0434\u0436\u0443\u0454\u0442\u044c\u0441\u044f \u0437\u0430\u0433\u0430\u043b\u044c\u043d\u0438\u043c\u0438 \u043e\u0431\u0456\u0446\u044f\u043d\u043a\u0430\u043c\u0438. \u042f\u043a\u0456 \u0440\u0435\u0437\u0443\u043b\u044c\u0442\u0430\u0442\u0438 \u043c\u043e\u0436\u0435 \u043f\u0440\u0438\u043d\u0435\u0441\u0442\u0438 \u0441\u043f\u0456\u0432\u043f\u0440\u0430\u0446\u044f \u0437 \u043d\u0430\u0448\u043e\u044e \u043a\u043e\u043c\u043f\u0430\u043d\u0456\u0454\u044e? \u041c\u0438 \u0432\u0438\u0440\u0456\u0448\u0438\u043b\u0438 \u043f\u0440\u0435\u0434\u0441\u0442\u0430\u0432\u0438\u0442\u0438 \u043a\u0435\u0439\u0441\u0438, \u0449\u043e\u0431 \u0432\u0438 \u043c\u043e\u0433\u043b\u0438 \u043f\u043e\u0437\u043d\u0430\u0439\u043e\u043c\u0438\u0442\u0438\u0441\u044f \u0437 \u043d\u0430\u0448\u0438\u043c\u0438 \u043c\u0435\u0442\u043e\u0434\u0430\u043c\u0438 \u0456 \u043f\u0435\u0440\u0435\u043a\u043e\u043d\u0430\u0442\u0438\u0441\u044f, \u043d\u0430\u0441\u043a\u0456\u043b\u044c\u043a\u0438 \u0435\u0444\u0435\u043a\u0442\u0438\u0432\u043d\u043e \u043c\u0438 \u043f\u0440\u0430\u0446\u044e\u0454\u043c\u043e! Case Study &#8211; marketing w Internecie Case study to opis oraz prezentacja przeprowadzonego projektu. W przypadku pozycjonowania czy kampanii PPC jest to przede wszystkim analiza widoczno\u015bci\/konwersji klienta na przestrzeni danego okresu w odniesieniu do wprowadzonych przez nas zmian. Prezentowane na tej stronie przyk\u0142ady dowodz\u0105, \u017ce wielu rzeczy nie da si\u0119 przewidzie\u0107, jednak odpowiednie podej\u015bcie pozwala osi\u0105gn\u0105\u0107 po\u017c\u0105dane efekty.&hellip;<\/p>\n","category_list":"","author_info":{"name":"master","url":"https:\/\/adshock.pl\/uk\/author\/master\/"},"comments_num":"0 comments","_links":{"self":[{"href":"https:\/\/adshock.pl\/uk\/wp-json\/wp\/v2\/pages\/4172","targetHints":{"allow":["GET"]}}],"collection":[{"href":"https:\/\/adshock.pl\/uk\/wp-json\/wp\/v2\/pages"}],"about":[{"href":"https:\/\/adshock.pl\/uk\/wp-json\/wp\/v2\/types\/page"}],"author":[{"embeddable":true,"href":"https:\/\/adshock.pl\/uk\/wp-json\/wp\/v2\/users\/1"}],"replies":[{"embeddable":true,"href":"https:\/\/adshock.pl\/uk\/wp-json\/wp\/v2\/comments?post=4172"}],"version-history":[{"count":0,"href":"https:\/\/adshock.pl\/uk\/wp-json\/wp\/v2\/pages\/4172\/revisions"}],"wp:attachment":[{"href":"https:\/\/adshock.pl\/uk\/wp-json\/wp\/v2\/media?parent=4172"}],"curies":[{"name":"wp","href":"https:\/\/api.w.org\/{rel}","templated":true}]}}